{"id":7688,"date":"2018-05-14T12:45:18","date_gmt":"2018-05-14T12:45:18","guid":{"rendered":"https:\/\/www.loewen-wendlingen.de\/loeschanfrage\/"},"modified":"2021-08-18T09:46:14","modified_gmt":"2021-08-18T07:46:14","slug":"loeschanfrage","status":"publish","type":"page","link":"https:\/\/www.loewen-wendlingen.de\/en\/loeschanfrage\/","title":{"rendered":"L\u00f6schanfrage"},"content":{"rendered":"<p>[et_pb_section fb_built=&#8221;1&#8243; _builder_version=&#8221;4.7.7&#8243; background_color=&#8221;#444444&#8243;][et_pb_row _builder_version=&#8221;3.25&#8243;][et_pb_column type=&#8221;4_4&#8243; _builder_version=&#8221;3.25&#8243; custom_padding=&#8221;|||&#8221; custom_padding__hover=&#8221;|||&#8221;][et_pb_text _builder_version=&#8221;4.7.7&#8243; _module_preset=&#8221;default&#8221; header_text_color=&#8221;#ffffff&#8221; header_font_size=&#8221;36px&#8221; header_font_size_tablet=&#8221;&#8221; header_font_size_phone=&#8221;30px&#8221; header_font_size_last_edited=&#8221;on|phone&#8221;]<\/p>\n<h1>L\u00f6schanfrage<\/h1>\n<p>[\/et_pb_text][\/et_pb_column][\/et_pb_row][\/et_pb_section][et_pb_section fb_built=&#8221;1&#8243; admin_label=&#8221;section&#8221; _builder_version=&#8221;3.22&#8243; transparent_background=&#8221;off&#8221;][et_pb_row _builder_version=&#8221;3.25&#8243;][et_pb_column type=&#8221;4_4&#8243; _builder_version=&#8221;3.25&#8243; custom_padding=&#8221;|||&#8221; custom_padding__hover=&#8221;|||&#8221;][et_pb_text _builder_version=&#8221;3.27.4&#8243;]<\/p>\n<p><strong>Auskunft, Sperrung, L\u00f6schung<\/strong><\/p>\n<p>Sie haben im Rahmen der geltenden gesetzlichen Bestimmungen jederzeit das Recht auf unentgeltliche Auskunft \u00fcber Ihre gespeicherten personenbezogenen Daten, deren Herkunft und Empf\u00e4nger und den Zweck der Datenverarbeitung und ggf. ein Recht auf Berichtigung, Sperrung oder L\u00f6schung dieser Daten. Hierzu sowie zu weiteren Fragen zum Thema personenbezogene Daten k\u00f6nnen Sie sich jederzeit unter der im Impressum angegebenen Adresse an uns wenden.<\/p>\n<p>[\/et_pb_text][\/et_pb_column][\/et_pb_row][et_pb_row admin_label=&#8221;row&#8221; _builder_version=&#8221;3.25&#8243; background_size=&#8221;initial&#8221; background_position=&#8221;top_left&#8221; background_repeat=&#8221;repeat&#8221;][et_pb_column type=&#8221;4_4&#8243; _builder_version=&#8221;3.25&#8243; custom_padding=&#8221;|||&#8221; custom_padding__hover=&#8221;|||&#8221;][et_pb_text _builder_version=&#8221;3.27.4&#8243; background_size=&#8221;initial&#8221; background_position=&#8221;top_left&#8221; background_repeat=&#8221;repeat&#8221; use_border_color=&#8221;off&#8221;][unsubscribe_form][\/et_pb_text][\/et_pb_column][\/et_pb_row][et_pb_row _builder_version=&#8221;3.25&#8243;][et_pb_column type=&#8221;4_4&#8243; _builder_version=&#8221;3.25&#8243; custom_padding=&#8221;|||&#8221; custom_padding__hover=&#8221;|||&#8221;][et_pb_button button_url=&#8221;\/datenauszug\/&#8221; button_text=&#8221;Datenauskunft beantragen&#8221; button_alignment=&#8221;center&#8221; _builder_version=&#8221;3.16&#8243; custom_button=&#8221;on&#8221; button_text_size=&#8221;20px&#8221; button_text_color=&#8221;#ffffff&#8221; button_bg_color=&#8221;#996633&#8243; button_border_width=&#8221;0px&#8221; button_border_color=&#8221;#996633&#8243; button_border_radius=&#8221;0px&#8221; button_font=&#8221;|||on|||||&#8221; vertical_offset=&#8221;-30px&#8221; horizontal_offset=&#8221;80px&#8221; custom_margin=&#8221;34px||||false|false&#8221; custom_padding=&#8221;|30px||30px|false|true&#8221; button_text_size__hover_enabled=&#8221;off&#8221; button_one_text_size__hover_enabled=&#8221;off&#8221; button_two_text_size__hover_enabled=&#8221;off&#8221; button_text_color__hover_enabled=&#8221;off&#8221; button_one_text_color__hover_enabled=&#8221;off&#8221; button_two_text_color__hover_enabled=&#8221;off&#8221; button_border_width__hover_enabled=&#8221;off&#8221; button_one_border_width__hover_enabled=&#8221;off&#8221; button_two_border_width__hover_enabled=&#8221;off&#8221; button_border_color__hover_enabled=&#8221;off&#8221; button_one_border_color__hover_enabled=&#8221;off&#8221; button_two_border_color__hover_enabled=&#8221;off&#8221; button_border_radius__hover_enabled=&#8221;off&#8221; button_one_border_radius__hover_enabled=&#8221;off&#8221; button_two_border_radius__hover_enabled=&#8221;off&#8221; button_letter_spacing__hover_enabled=&#8221;off&#8221; button_one_letter_spacing__hover_enabled=&#8221;off&#8221; button_two_letter_spacing__hover_enabled=&#8221;off&#8221; button_bg_color__hover_enabled=&#8221;off&#8221; button_one_bg_color__hover_enabled=&#8221;off&#8221; button_two_bg_color__hover_enabled=&#8221;off&#8221;][\/et_pb_button][\/et_pb_column][\/et_pb_row][\/et_pb_section][et_pb_section fb_built=&#8221;1&#8243; _builder_version=&#8221;4.7.7&#8243; _module_preset=&#8221;default&#8221; background_color=&#8221;#f2f2f2&#8243; custom_padding=&#8221;44px||37px|||&#8221; global_module=&#8221;5988&#8243; saved_tabs=&#8221;all&#8221;][et_pb_row column_structure=&#8221;1_4,1_4,1_2&#8243; _builder_version=&#8221;4.7.7&#8243; _module_preset=&#8221;default&#8221;][et_pb_column type=&#8221;1_4&#8243; _builder_version=&#8221;4.7.7&#8243; _module_preset=&#8221;default&#8221;][et_pb_blurb title=&#8221;\u00d6ffnungszeiten&#8221; use_icon=&#8221;on&#8221; font_icon=&#8221;%%227%%&#8221; icon_placement=&#8221;left&#8221; use_icon_font_size=&#8221;on&#8221; icon_font_size=&#8221;35px&#8221; _builder_version=&#8221;4.7.7&#8243; _module_preset=&#8221;default&#8221; header_text_align=&#8221;left&#8221; body_text_align=&#8221;left&#8221;]<span style=\"color: #996633;\">HOTEL:<\/span><br \/>\nMontag-Sonntag 7-21 Uhr<br \/>\n-oder nach telefonischer Absprache mit Schl\u00fcsselcode<\/p>\n<p><span style=\"color: #996633;\">RESTAURANT:<\/span><br \/>\nMontag-Freitag 7 \u2013 13.30 Uhr und ab 16 Uhr<br \/>\n-Gruppen auf Anfrage<br \/>\n-samstags, sonn-und feiertags geschlossen<br \/>\n-an Br\u00fcckentagen k\u00f6nnen die \u00d6ffnungszeiten variieren<br \/>\nbitte telefonisch erfragen![\/et_pb_blurb][\/et_pb_column][et_pb_column type=&#8221;1_4&#8243; _builder_version=&#8221;4.7.7&#8243; _module_preset=&#8221;default&#8221;][et_pb_blurb title=&#8221;Telefon&#8221; use_icon=&#8221;on&#8221; font_icon=&#8221;%%264%%&#8221; icon_placement=&#8221;left&#8221; use_icon_font_size=&#8221;on&#8221; icon_font_size=&#8221;35px&#8221; _builder_version=&#8221;4.7.7&#8243; _module_preset=&#8221;default&#8221; header_text_align=&#8221;left&#8221; body_text_align=&#8221;left&#8221;]<a href=\"tel:+4970249490\">+49 7024 9490<\/a>[\/et_pb_blurb][et_pb_blurb title=&#8221;E-Mail&#8221; use_icon=&#8221;on&#8221; font_icon=&#8221;%%238%%&#8221; icon_placement=&#8221;left&#8221; use_icon_font_size=&#8221;on&#8221; icon_font_size=&#8221;35px&#8221; _builder_version=&#8221;4.7.7&#8243; _module_preset=&#8221;default&#8221; header_text_align=&#8221;left&#8221; body_text_align=&#8221;left&#8221;]<a href=\"mailto:info@loewen-wendlingen.de\">info@loewen-wendlingen.de<\/a>[\/et_pb_blurb][et_pb_blurb title=&#8221;Adresse&#8221; use_icon=&#8221;on&#8221; font_icon=&#8221;%%249%%&#8221; icon_placement=&#8221;left&#8221; use_icon_font_size=&#8221;on&#8221; icon_font_size=&#8221;35px&#8221; _builder_version=&#8221;4.7.7&#8243; _module_preset=&#8221;default&#8221; header_text_align=&#8221;left&#8221; body_text_align=&#8221;left&#8221;]<\/p>\n<p>N\u00fcrtinger Stra\u00dfe 1 <br \/>73240 Wendlingen<\/p>\n<p>[\/et_pb_blurb][\/et_pb_column][et_pb_column type=&#8221;1_2&#8243; _builder_version=&#8221;4.7.7&#8243; _module_preset=&#8221;default&#8221;][et_pb_image src=&#8221;https:\/\/www.loewen-wendlingen.de\/wp-content\/uploads\/2021\/05\/loewen-logo-schriftzug.png&#8221; title_text=&#8221;loewen-logo-schriftzug&#8221; _builder_version=&#8221;4.7.7&#8243; _module_preset=&#8221;default&#8221; width=&#8221;70%&#8221; module_alignment=&#8221;center&#8221;][\/et_pb_image][et_pb_text _builder_version=&#8221;4.7.7&#8243; _module_preset=&#8221;default&#8221; text_orientation=&#8221;center&#8221;]<a href=\"\/impressum\">Impressum<\/a> | <a href=\"\/datenschutz\">Datenschutz<\/a>[\/et_pb_text][\/et_pb_column][\/et_pb_row][et_pb_row _builder_version=&#8221;4.0.6&#8243; module_alignment=&#8221;right&#8221; custom_padding=&#8221;0|0px|0|0px|false|false&#8221;][et_pb_column type=&#8221;4_4&#8243; _builder_version=&#8221;3.25&#8243; custom_padding=&#8221;|||&#8221; custom_padding__hover=&#8221;|||&#8221;][et_pb_blurb use_icon=&#8221;on&#8221; font_icon=&#8221;%%264%%&#8221; icon_color=&#8221;#ffffff&#8221; icon_placement=&#8221;left&#8221; content_max_width=&#8221;100%&#8221; use_icon_font_size=&#8221;on&#8221; icon_font_size=&#8221;32px&#8221; admin_label=&#8221;telephone&#8221; module_class=&#8221;blurb-werbe&#8221; _builder_version=&#8221;4.7.7&#8243; header_font=&#8221;||||||||&#8221; header_font_size=&#8221;15px&#8221; body_font=&#8221;||||||||&#8221; body_font_size=&#8221;16px&#8221; background_color=&#8221;#996633&#8243; text_orientation=&#8221;center&#8221; background_layout=&#8221;dark&#8221; max_width=&#8221;50px&#8221; max_width_tablet=&#8221;51px&#8221; max_width_phone=&#8221;43px&#8221; max_width_last_edited=&#8221;on|phone&#8221; module_alignment=&#8221;right&#8221; custom_padding=&#8221;10px|10px|10px|10px|true|true&#8221; custom_padding_tablet=&#8221;&#8221; custom_padding_phone=&#8221;7px|5px|7px|5px||true&#8221; custom_padding_last_edited=&#8221;on|phone&#8221; link_option_url=&#8221;tel:004970249490&#8243; custom_css_main_element=&#8221;top:420px;||position:fixed!important;||right:5px||&#8221; custom_css_blurb_content=&#8221;   &#8221; max_width__hover_enabled=&#8221;on|desktop&#8221; max_width__hover=&#8221;350px&#8221;]<span style=\"white-space: nowrap;\">+49 7024 9490<\/span>[\/et_pb_blurb][et_pb_blurb use_icon=&#8221;on&#8221; font_icon=&#8221;%%238%%&#8221; icon_color=&#8221;#ffffff&#8221; icon_placement=&#8221;left&#8221; content_max_width=&#8221;100%&#8221; use_icon_font_size=&#8221;on&#8221; icon_font_size=&#8221;32px&#8221; admin_label=&#8221;mail&#8221; module_class=&#8221;blurb-werbe&#8221; _builder_version=&#8221;4.7.7&#8243; header_font=&#8221;||||||||&#8221; body_font=&#8221;||||||||&#8221; body_font_size=&#8221;16px&#8221; background_color=&#8221;#996633&#8243; text_orientation=&#8221;center&#8221; background_layout=&#8221;dark&#8221; max_width=&#8221;50px&#8221; max_width_tablet=&#8221;51px&#8221; max_width_phone=&#8221;43px&#8221; max_width_last_edited=&#8221;on|phone&#8221; module_alignment=&#8221;right&#8221; custom_padding=&#8221;10px|10px|10px|10px|true|true&#8221; custom_padding_tablet=&#8221;&#8221; custom_padding_phone=&#8221;7px|5px|7px|5px||true&#8221; custom_padding_last_edited=&#8221;on|phone&#8221; link_option_url=&#8221;mailto:info@loewen-wendlingen.de&#8221; header_font_size_tablet=&#8221;&#8221; header_font_size_phone=&#8221;14px&#8221; header_font_size_last_edited=&#8221;on|phone&#8221; custom_css_main_element=&#8221;top:360px;||position:fixed!important;||right:5px||&#8221; max_width__hover_enabled=&#8221;on|desktop&#8221; max_width__hover=&#8221;350px&#8221;]<span style=\"white-space: nowrap;\"> info@loewen-wendlingen.de<\/span>[\/et_pb_blurb][et_pb_blurb use_icon=&#8221;on&#8221; font_icon=&#8221;%%128%%&#8221; icon_color=&#8221;#ffffff&#8221; icon_placement=&#8221;left&#8221; content_max_width=&#8221;100%&#8221; use_icon_font_size=&#8221;on&#8221; icon_font_size=&#8221;32px&#8221; admin_label=&#8221;bewerbung&#8221; module_class=&#8221;blurb-werbe&#8221; _builder_version=&#8221;4.7.7&#8243; header_font=&#8221;||||||||&#8221; body_font=&#8221;||||||||&#8221; body_font_size=&#8221;16px&#8221; background_color=&#8221;#996633&#8243; text_orientation=&#8221;center&#8221; background_layout=&#8221;dark&#8221; max_width=&#8221;50px&#8221; max_width_tablet=&#8221;51px&#8221; max_width_phone=&#8221;43px&#8221; max_width_last_edited=&#8221;on|phone&#8221; module_alignment=&#8221;right&#8221; custom_padding=&#8221;10px|10px|10px|10px|true|true&#8221; custom_padding_tablet=&#8221;&#8221; custom_padding_phone=&#8221;7px|5px|7px|5px||true&#8221; custom_padding_last_edited=&#8221;on|phone&#8221; link_option_url=&#8221;\/hotel\/#direktbuchung&#8221; header_font_size_tablet=&#8221;&#8221; header_font_size_phone=&#8221;14px&#8221; header_font_size_last_edited=&#8221;on|phone&#8221; custom_css_main_element=&#8221;top:300px;||position:fixed!important;||right:5px||&#8221; max_width__hover_enabled=&#8221;on|desktop&#8221; max_width__hover=&#8221;350px&#8221;]<\/p>\n<p><span style=\"white-space: nowrap;\">Jetzt buchen<\/span><\/p>\n<p>[\/et_pb_blurb][\/et_pb_column][\/et_pb_row][\/et_pb_section]<\/p>\n","protected":false},"excerpt":{"rendered":"<p>L\u00f6schanfrageAuskunft, Sperrung, L\u00f6schungSie haben im Rahmen der geltenden gesetzlichen Bestimmungen jederzeit das Recht auf unentgeltliche Auskunft \u00fcber Ihre gespeicherten personenbezogenen Daten, deren Herkunft und Empf\u00e4nger und den Zweck der Datenverarbeitung und ggf. ein Recht auf Berichtigung, Sperrung oder L\u00f6schung dieser Daten. Hierzu sowie zu weiteren Fragen zum Thema personenbezogene Daten k\u00f6nnen Sie sich jederzeit unter [&hellip;]<\/p>\n","protected":false},"author":8,"featured_media":0,"parent":0,"menu_order":0,"comment_status":"closed","ping_status":"closed","template":"","meta":{"_et_pb_use_builder":"on","_et_pb_old_content":"","_et_gb_content_width":""},"yoast_head":"<!-- This site is optimized with the Yoast SEO plugin v20.10 - https:\/\/yoast.com\/wordpress\/plugins\/seo\/ -->\n<title>L\u00f6schanfrage - Hotel L\u00f6wen<\/title>\n<meta name=\"robots\" content=\"index, follow, max-snippet:-1, max-image-preview:large, max-video-preview:-1\" \/>\n<link rel=\"canonical\" href=\"https:\/\/www.loewen-wendlingen.de\/en\/loeschanfrage\/\" \/>\n<meta property=\"og:locale\" content=\"en_US\" \/>\n<meta property=\"og:type\" content=\"article\" \/>\n<meta property=\"og:title\" content=\"L\u00f6schanfrage - Hotel L\u00f6wen\" \/>\n<meta property=\"og:description\" content=\"L\u00f6schanfrageAuskunft, Sperrung, L\u00f6schungSie haben im Rahmen der geltenden gesetzlichen Bestimmungen jederzeit das Recht auf unentgeltliche Auskunft \u00fcber Ihre gespeicherten personenbezogenen Daten, deren Herkunft und Empf\u00e4nger und den Zweck der Datenverarbeitung und ggf. ein Recht auf Berichtigung, Sperrung oder L\u00f6schung dieser Daten. Hierzu sowie zu weiteren Fragen zum Thema personenbezogene Daten k\u00f6nnen Sie sich jederzeit unter [&hellip;]\" \/>\n<meta property=\"og:url\" content=\"https:\/\/www.loewen-wendlingen.de\/en\/loeschanfrage\/\" \/>\n<meta property=\"og:site_name\" content=\"Hotel L\u00f6wen\" \/>\n<meta property=\"article:modified_time\" content=\"2021-08-18T07:46:14+00:00\" \/>\n<meta name=\"twitter:card\" content=\"summary_large_image\" \/>\n<meta name=\"twitter:label1\" content=\"Est. reading time\" \/>\n\t<meta name=\"twitter:data1\" content=\"6 minutes\" \/>\n<script type=\"application\/ld+json\" class=\"yoast-schema-graph\">{\"@context\":\"https:\/\/schema.org\",\"@graph\":[{\"@type\":\"WebPage\",\"@id\":\"https:\/\/www.loewen-wendlingen.de\/en\/loeschanfrage\/\",\"url\":\"https:\/\/www.loewen-wendlingen.de\/en\/loeschanfrage\/\",\"name\":\"L\u00f6schanfrage - Hotel L\u00f6wen\",\"isPartOf\":{\"@id\":\"https:\/\/www.loewen-wendlingen.de\/en\/#website\"},\"datePublished\":\"2018-05-14T12:45:18+00:00\",\"dateModified\":\"2021-08-18T07:46:14+00:00\",\"breadcrumb\":{\"@id\":\"https:\/\/www.loewen-wendlingen.de\/en\/loeschanfrage\/#breadcrumb\"},\"inLanguage\":\"en-US\",\"potentialAction\":[{\"@type\":\"ReadAction\",\"target\":[\"https:\/\/www.loewen-wendlingen.de\/en\/loeschanfrage\/\"]}]},{\"@type\":\"BreadcrumbList\",\"@id\":\"https:\/\/www.loewen-wendlingen.de\/en\/loeschanfrage\/#breadcrumb\",\"itemListElement\":[{\"@type\":\"ListItem\",\"position\":1,\"name\":\"Startseite\",\"item\":\"https:\/\/www.loewen-wendlingen.de\/en\/\"},{\"@type\":\"ListItem\",\"position\":2,\"name\":\"L\u00f6schanfrage\"}]},{\"@type\":\"WebSite\",\"@id\":\"https:\/\/www.loewen-wendlingen.de\/en\/#website\",\"url\":\"https:\/\/www.loewen-wendlingen.de\/en\/\",\"name\":\"Hotel L\u00f6wen\",\"description\":\"\",\"publisher\":{\"@id\":\"https:\/\/www.loewen-wendlingen.de\/en\/#organization\"},\"potentialAction\":[{\"@type\":\"SearchAction\",\"target\":{\"@type\":\"EntryPoint\",\"urlTemplate\":\"https:\/\/www.loewen-wendlingen.de\/en\/?s={search_term_string}\"},\"query-input\":\"required name=search_term_string\"}],\"inLanguage\":\"en-US\"},{\"@type\":\"Organization\",\"@id\":\"https:\/\/www.loewen-wendlingen.de\/en\/#organization\",\"name\":\"Hotel & Restaurant L\u00f6wen\",\"url\":\"https:\/\/www.loewen-wendlingen.de\/en\/\",\"logo\":{\"@type\":\"ImageObject\",\"inLanguage\":\"en-US\",\"@id\":\"https:\/\/www.loewen-wendlingen.de\/en\/#\/schema\/logo\/image\/\",\"url\":\"https:\/\/www.loewen-wendlingen.de\/wp-content\/uploads\/2021\/05\/loewen-logo-schriftzug.png\",\"contentUrl\":\"https:\/\/www.loewen-wendlingen.de\/wp-content\/uploads\/2021\/05\/loewen-logo-schriftzug.png\",\"width\":643,\"height\":195,\"caption\":\"Hotel & Restaurant L\u00f6wen\"},\"image\":{\"@id\":\"https:\/\/www.loewen-wendlingen.de\/en\/#\/schema\/logo\/image\/\"}}]}<\/script>\n<!-- \/ Yoast SEO plugin. -->","yoast_head_json":{"title":"L\u00f6schanfrage - Hotel L\u00f6wen","robots":{"index":"index","follow":"follow","max-snippet":"max-snippet:-1","max-image-preview":"max-image-preview:large","max-video-preview":"max-video-preview:-1"},"canonical":"https:\/\/www.loewen-wendlingen.de\/en\/loeschanfrage\/","og_locale":"en_US","og_type":"article","og_title":"L\u00f6schanfrage - Hotel L\u00f6wen","og_description":"L\u00f6schanfrageAuskunft, Sperrung, L\u00f6schungSie haben im Rahmen der geltenden gesetzlichen Bestimmungen jederzeit das Recht auf unentgeltliche Auskunft \u00fcber Ihre gespeicherten personenbezogenen Daten, deren Herkunft und Empf\u00e4nger und den Zweck der Datenverarbeitung und ggf. ein Recht auf Berichtigung, Sperrung oder L\u00f6schung dieser Daten. Hierzu sowie zu weiteren Fragen zum Thema personenbezogene Daten k\u00f6nnen Sie sich jederzeit unter [&hellip;]","og_url":"https:\/\/www.loewen-wendlingen.de\/en\/loeschanfrage\/","og_site_name":"Hotel L\u00f6wen","article_modified_time":"2021-08-18T07:46:14+00:00","twitter_card":"summary_large_image","twitter_misc":{"Est. reading time":"6 minutes"},"schema":{"@context":"https:\/\/schema.org","@graph":[{"@type":"WebPage","@id":"https:\/\/www.loewen-wendlingen.de\/en\/loeschanfrage\/","url":"https:\/\/www.loewen-wendlingen.de\/en\/loeschanfrage\/","name":"L\u00f6schanfrage - Hotel L\u00f6wen","isPartOf":{"@id":"https:\/\/www.loewen-wendlingen.de\/en\/#website"},"datePublished":"2018-05-14T12:45:18+00:00","dateModified":"2021-08-18T07:46:14+00:00","breadcrumb":{"@id":"https:\/\/www.loewen-wendlingen.de\/en\/loeschanfrage\/#breadcrumb"},"inLanguage":"en-US","potentialAction":[{"@type":"ReadAction","target":["https:\/\/www.loewen-wendlingen.de\/en\/loeschanfrage\/"]}]},{"@type":"BreadcrumbList","@id":"https:\/\/www.loewen-wendlingen.de\/en\/loeschanfrage\/#breadcrumb","itemListElement":[{"@type":"ListItem","position":1,"name":"Startseite","item":"https:\/\/www.loewen-wendlingen.de\/en\/"},{"@type":"ListItem","position":2,"name":"L\u00f6schanfrage"}]},{"@type":"WebSite","@id":"https:\/\/www.loewen-wendlingen.de\/en\/#website","url":"https:\/\/www.loewen-wendlingen.de\/en\/","name":"Hotel L\u00f6wen","description":"","publisher":{"@id":"https:\/\/www.loewen-wendlingen.de\/en\/#organization"},"potentialAction":[{"@type":"SearchAction","target":{"@type":"EntryPoint","urlTemplate":"https:\/\/www.loewen-wendlingen.de\/en\/?s={search_term_string}"},"query-input":"required name=search_term_string"}],"inLanguage":"en-US"},{"@type":"Organization","@id":"https:\/\/www.loewen-wendlingen.de\/en\/#organization","name":"Hotel & Restaurant L\u00f6wen","url":"https:\/\/www.loewen-wendlingen.de\/en\/","logo":{"@type":"ImageObject","inLanguage":"en-US","@id":"https:\/\/www.loewen-wendlingen.de\/en\/#\/schema\/logo\/image\/","url":"https:\/\/www.loewen-wendlingen.de\/wp-content\/uploads\/2021\/05\/loewen-logo-schriftzug.png","contentUrl":"https:\/\/www.loewen-wendlingen.de\/wp-content\/uploads\/2021\/05\/loewen-logo-schriftzug.png","width":643,"height":195,"caption":"Hotel & Restaurant L\u00f6wen"},"image":{"@id":"https:\/\/www.loewen-wendlingen.de\/en\/#\/schema\/logo\/image\/"}}]}},"_links":{"self":[{"href":"https:\/\/www.loewen-wendlingen.de\/en\/wp-json\/wp\/v2\/pages\/7688"}],"collection":[{"href":"https:\/\/www.loewen-wendlingen.de\/en\/wp-json\/wp\/v2\/pages"}],"about":[{"href":"https:\/\/www.loewen-wendlingen.de\/en\/wp-json\/wp\/v2\/types\/page"}],"author":[{"embeddable":true,"href":"https:\/\/www.loewen-wendlingen.de\/en\/wp-json\/wp\/v2\/users\/8"}],"replies":[{"embeddable":true,"href":"https:\/\/www.loewen-wendlingen.de\/en\/wp-json\/wp\/v2\/comments?post=7688"}],"version-history":[{"count":1,"href":"https:\/\/www.loewen-wendlingen.de\/en\/wp-json\/wp\/v2\/pages\/7688\/revisions"}],"predecessor-version":[{"id":7693,"href":"https:\/\/www.loewen-wendlingen.de\/en\/wp-json\/wp\/v2\/pages\/7688\/revisions\/7693"}],"wp:attachment":[{"href":"https:\/\/www.loewen-wendlingen.de\/en\/wp-json\/wp\/v2\/media?parent=7688"}],"curies":[{"name":"wp","href":"https:\/\/api.w.org\/{rel}","templated":true}]}}